{"id":330,"date":"2025-10-16T16:39:46","date_gmt":"2025-10-16T16:39:46","guid":{"rendered":"https:\/\/hybred.edu.co\/site\/?page_id=330"},"modified":"2026-03-25T13:55:50","modified_gmt":"2026-03-25T13:55:50","slug":"tutorias","status":"publish","type":"page","link":"https:\/\/hybred.edu.co\/site\/index.php\/tutorias\/","title":{"rendered":"Apoyo"},"content":{"rendered":"\n<div class=\"wp-block-cover\"><img loading=\"lazy\" decoding=\"async\" width=\"1024\" height=\"428\" class=\"wp-block-cover__image-background wp-image-295\" alt=\"\" src=\"https:\/\/hybred.edu.co\/site\/wp-content\/uploads\/2025\/10\/Apoyo-constante-1024x428.png\" style=\"object-position:11% 69%\" data-object-fit=\"cover\" data-object-position=\"11% 69%\" srcset=\"https:\/\/hybred.edu.co\/site\/wp-content\/uploads\/2025\/10\/Apoyo-constante-1024x428.png 1024w, https:\/\/hybred.edu.co\/site\/wp-content\/uploads\/2025\/10\/Apoyo-constante-300x125.png 300w, https:\/\/hybred.edu.co\/site\/wp-content\/uploads\/2025\/10\/Apoyo-constante-768x321.png 768w, https:\/\/hybred.edu.co\/site\/wp-content\/uploads\/2025\/10\/Apoyo-constante-1536x643.png 1536w, https:\/\/hybred.edu.co\/site\/wp-content\/uploads\/2025\/10\/Apoyo-constante.png 1922w\" sizes=\"auto, (max-width: 1024px) 100vw, 1024px\" \/><span aria-hidden=\"true\" class=\"wp-block-cover__background has-background-dim-0 has-background-dim\"><\/span><div class=\"wp-block-cover__inner-container is-layout-flow wp-block-cover-is-layout-flow\">\n<p class=\"has-text-align-center has-large-font-size\"><\/p>\n<\/div><\/div>\n\n\n\n<div class=\"wp-block-group has-global-padding is-layout-constrained wp-container-core-group-is-layout-1629ea14 wp-block-group-is-layout-constrained\">\n<h2 class=\"wp-block-heading has-text-align-center\"><strong>Tutor\u00edas<\/strong><\/h2>\n\n\n\n<p>Las tutor\u00edas en la Estrategia H\u00edbrida Educativa son espacios donde los estudiantes se re\u00fanen con los profesores y dem\u00e1s compa\u00f1eros para aclarar dudas o debatir sobre nuevos conocimientos. Las tutor\u00edas pueden ser presenciales cuando los estudiantes acuden al colegio, o virtuales cuando se encuentran fuera de la ciudad o el pa\u00eds por temporadas largas. En cuanto a esto \u00faltimo, los estudiantes y profesores utilizan herramientas como Google Meet, que les permite verse y compartir informaci\u00f3n relevante, o el chat que ofrecen los servicios de Google Workspace, a los que el colegio est\u00e1 afiliado y est\u00e1n disponibles a trav\u00e9s del correo institucional.<\/p>\n\n\n\n<figure class=\"wp-block-image alignwide size-large\"><img loading=\"lazy\" decoding=\"async\" width=\"1024\" height=\"549\" src=\"https:\/\/hybred.edu.co\/site\/wp-content\/uploads\/2025\/10\/Fotografia-Tutorias_1-1024x549.png\" alt=\"\" class=\"wp-image-297\" srcset=\"https:\/\/hybred.edu.co\/site\/wp-content\/uploads\/2025\/10\/Fotografia-Tutorias_1-1024x549.png 1024w, https:\/\/hybred.edu.co\/site\/wp-content\/uploads\/2025\/10\/Fotografia-Tutorias_1-300x161.png 300w, https:\/\/hybred.edu.co\/site\/wp-content\/uploads\/2025\/10\/Fotografia-Tutorias_1-768x412.png 768w, https:\/\/hybred.edu.co\/site\/wp-content\/uploads\/2025\/10\/Fotografia-Tutorias_1-1536x823.png 1536w, https:\/\/hybred.edu.co\/site\/wp-content\/uploads\/2025\/10\/Fotografia-Tutorias_1.png 1922w\" sizes=\"auto, (max-width: 1024px) 100vw, 1024px\" \/><\/figure>\n\n\n\n<p>La asistencia a las tutor\u00edas tiene como finalidad preparar al estudiante lo mejor posible para que su proceso acad\u00e9mico no se afecte de forma negativa. Se considera una tutor\u00eda cuando el estudiante est\u00e1 un m\u00ednimo de 20 minutos, con el profesor de la materia. Las tutor\u00edas obligatorias se dan cada quince d\u00edas calendario y se publican en la p\u00e1gina oficial. Debido a la naturaleza de algunas materias, estos porcentajes podr\u00edan variar, sin embargo, los criterios de evaluaci\u00f3n permanecen iguales. Es posible que en casos especiales como en algunos deportistas o talentos excepcionales, estos criterios deban ser modificados, de acuerdo a cada situaci\u00f3n. <\/p>\n\n\n\n<p>Es fundamental que los estudiantes programen las reuniones con los profesores considerando la fecha, hora y disponibilidad establecidas. En caso de no poder ajustarse a los horarios predeterminados, se les invita a coordinar alternativas en conjunto con los docentes.<\/p>\n\n\n\n<hr class=\"wp-block-separator has-alpha-channel-opacity\"\/>\n\n\n\n<h2 class=\"wp-block-heading has-text-align-center\"><strong>Conoce al equipo de tutores<\/strong><\/h2>\n\n\n\n<div class=\"wp-block-group has-global-padding is-layout-constrained wp-container-core-group-is-layout-1629ea14 wp-block-group-is-layout-constrained\">\n<figure class=\"wp-block-image aligncenter size-large\"><img loading=\"lazy\" decoding=\"async\" width=\"1024\" height=\"724\" src=\"https:\/\/hybred.edu.co\/site\/wp-content\/uploads\/2026\/03\/CV-Alfonso-Ospina-Hybred-1024x724.jpg\" alt=\"\" class=\"wp-image-588\" srcset=\"https:\/\/hybred.edu.co\/site\/wp-content\/uploads\/2026\/03\/CV-Alfonso-Ospina-Hybred-1024x724.jpg 1024w, https:\/\/hybred.edu.co\/site\/wp-content\/uploads\/2026\/03\/CV-Alfonso-Ospina-Hybred-300x212.jpg 300w, https:\/\/hybred.edu.co\/site\/wp-content\/uploads\/2026\/03\/CV-Alfonso-Ospina-Hybred-768x543.jpg 768w, https:\/\/hybred.edu.co\/site\/wp-content\/uploads\/2026\/03\/CV-Alfonso-Ospina-Hybred-1536x1085.jpg 1536w, https:\/\/hybred.edu.co\/site\/wp-content\/uploads\/2026\/03\/CV-Alfonso-Ospina-Hybred.jpg 1755w\" sizes=\"auto, (max-width: 1024px) 100vw, 1024px\" \/><\/figure>\n\n\n\n<figure class=\"wp-block-image aligncenter size-large\"><img loading=\"lazy\" decoding=\"async\" width=\"1024\" height=\"663\" src=\"https:\/\/hybred.edu.co\/site\/wp-content\/uploads\/2026\/03\/CV-Andres-Camilo-Franco-Moncada-1024x663.jpg\" alt=\"\" class=\"wp-image-589\" srcset=\"https:\/\/hybred.edu.co\/site\/wp-content\/uploads\/2026\/03\/CV-Andres-Camilo-Franco-Moncada-1024x663.jpg 1024w, https:\/\/hybred.edu.co\/site\/wp-content\/uploads\/2026\/03\/CV-Andres-Camilo-Franco-Moncada-300x194.jpg 300w, https:\/\/hybred.edu.co\/site\/wp-content\/uploads\/2026\/03\/CV-Andres-Camilo-Franco-Moncada-768x497.jpg 768w, https:\/\/hybred.edu.co\/site\/wp-content\/uploads\/2026\/03\/CV-Andres-Camilo-Franco-Moncada-1536x994.jpg 1536w, https:\/\/hybred.edu.co\/site\/wp-content\/uploads\/2026\/03\/CV-Andres-Camilo-Franco-Moncada.jpg 1913w\" sizes=\"auto, (max-width: 1024px) 100vw, 1024px\" \/><\/figure>\n\n\n\n<figure class=\"wp-block-image aligncenter size-large\"><img loading=\"lazy\" decoding=\"async\" width=\"1024\" height=\"663\" src=\"https:\/\/hybred.edu.co\/site\/wp-content\/uploads\/2026\/03\/CV-Jennifer-Quintero-Escobar-1024x663.png\" alt=\"\" class=\"wp-image-590\" srcset=\"https:\/\/hybred.edu.co\/site\/wp-content\/uploads\/2026\/03\/CV-Jennifer-Quintero-Escobar-1024x663.png 1024w, https:\/\/hybred.edu.co\/site\/wp-content\/uploads\/2026\/03\/CV-Jennifer-Quintero-Escobar-300x194.png 300w, https:\/\/hybred.edu.co\/site\/wp-content\/uploads\/2026\/03\/CV-Jennifer-Quintero-Escobar-768x497.png 768w, https:\/\/hybred.edu.co\/site\/wp-content\/uploads\/2026\/03\/CV-Jennifer-Quintero-Escobar.png 1224w\" sizes=\"auto, (max-width: 1024px) 100vw, 1024px\" \/><\/figure>\n\n\n\n<figure class=\"wp-block-image aligncenter size-large\"><img loading=\"lazy\" decoding=\"async\" width=\"1024\" height=\"663\" src=\"https:\/\/hybred.edu.co\/site\/wp-content\/uploads\/2026\/03\/CV-Juan-Giraldo-1024x663.jpg\" alt=\"\" class=\"wp-image-591\" srcset=\"https:\/\/hybred.edu.co\/site\/wp-content\/uploads\/2026\/03\/CV-Juan-Giraldo-1024x663.jpg 1024w, https:\/\/hybred.edu.co\/site\/wp-content\/uploads\/2026\/03\/CV-Juan-Giraldo-300x194.jpg 300w, https:\/\/hybred.edu.co\/site\/wp-content\/uploads\/2026\/03\/CV-Juan-Giraldo-768x497.jpg 768w, https:\/\/hybred.edu.co\/site\/wp-content\/uploads\/2026\/03\/CV-Juan-Giraldo-1536x994.jpg 1536w, https:\/\/hybred.edu.co\/site\/wp-content\/uploads\/2026\/03\/CV-Juan-Giraldo.jpg 1913w\" sizes=\"auto, (max-width: 1024px) 100vw, 1024px\" \/><\/figure>\n\n\n\n<figure class=\"wp-block-image aligncenter size-large\"><img loading=\"lazy\" decoding=\"async\" width=\"1024\" height=\"654\" src=\"https:\/\/hybred.edu.co\/site\/wp-content\/uploads\/2026\/03\/CV-Osmar-Julian-Martinez-Lopez-1024x654.jpg\" alt=\"\" class=\"wp-image-592\" srcset=\"https:\/\/hybred.edu.co\/site\/wp-content\/uploads\/2026\/03\/CV-Osmar-Julian-Martinez-Lopez-1024x654.jpg 1024w, https:\/\/hybred.edu.co\/site\/wp-content\/uploads\/2026\/03\/CV-Osmar-Julian-Martinez-Lopez-300x192.jpg 300w, https:\/\/hybred.edu.co\/site\/wp-content\/uploads\/2026\/03\/CV-Osmar-Julian-Martinez-Lopez-768x491.jpg 768w, https:\/\/hybred.edu.co\/site\/wp-content\/uploads\/2026\/03\/CV-Osmar-Julian-Martinez-Lopez-1536x981.jpg 1536w, https:\/\/hybred.edu.co\/site\/wp-content\/uploads\/2026\/03\/CV-Osmar-Julian-Martinez-Lopez-2048x1309.jpg 2048w\" sizes=\"auto, (max-width: 1024px) 100vw, 1024px\" \/><\/figure>\n\n\n\n<figure class=\"wp-block-image aligncenter size-large\"><img loading=\"lazy\" decoding=\"async\" width=\"1024\" height=\"663\" src=\"https:\/\/hybred.edu.co\/site\/wp-content\/uploads\/2026\/03\/Jhonatan-CV-Hybred-1024x663.jpg\" alt=\"\" class=\"wp-image-593\" srcset=\"https:\/\/hybred.edu.co\/site\/wp-content\/uploads\/2026\/03\/Jhonatan-CV-Hybred-1024x663.jpg 1024w, https:\/\/hybred.edu.co\/site\/wp-content\/uploads\/2026\/03\/Jhonatan-CV-Hybred-300x194.jpg 300w, https:\/\/hybred.edu.co\/site\/wp-content\/uploads\/2026\/03\/Jhonatan-CV-Hybred-768x497.jpg 768w, https:\/\/hybred.edu.co\/site\/wp-content\/uploads\/2026\/03\/Jhonatan-CV-Hybred-1536x994.jpg 1536w, https:\/\/hybred.edu.co\/site\/wp-content\/uploads\/2026\/03\/Jhonatan-CV-Hybred.jpg 1913w\" sizes=\"auto, (max-width: 1024px) 100vw, 1024px\" \/><\/figure>\n<\/div>\n\n\n\n<hr class=\"wp-block-separator has-alpha-channel-opacity\"\/>\n\n\n\n<div class=\"wp-block-group has-global-padding is-layout-constrained wp-container-core-group-is-layout-1629ea14 wp-block-group-is-layout-constrained\">\n<h2 class=\"wp-block-heading has-text-align-center\"><strong>Horario de tutor\u00edas<\/strong><\/h2>\n\n\n\n<div class=\"wp-block-columns is-layout-flex wp-container-core-columns-is-layout-28f84493 wp-block-columns-is-layout-flex\">\n<div class=\"wp-block-column is-layout-flow wp-block-column-is-layout-flow\">\n<h2 class=\"wp-block-heading has-text-align-center\"><strong>Lunes a viernes<\/strong><\/h2>\n\n\n\n<p class=\"has-text-align-center\"><strong>7:30<\/strong> a.m. a 3:00 p.m.<\/p>\n<\/div>\n\n\n\n<div class=\"wp-block-column is-layout-flow wp-block-column-is-layout-flow\">\n<h2 class=\"wp-block-heading has-text-align-center\"><strong>S\u00e1bados<\/strong><\/h2>\n\n\n\n<p class=\"has-text-align-center\"><strong>8:00 a.m. a 1:00 p.m.<\/strong><\/p>\n<\/div>\n<\/div>\n\n\n\n<p class=\"has-text-align-center\"><em>Los horarios pueden ser flexibles dependiendo de las necesidades del estudiante<\/em><\/p>\n\n\n\n<hr class=\"wp-block-separator has-alpha-channel-opacity\"\/>\n<\/div>\n<\/div>\n","protected":false},"excerpt":{"rendered":"<p>Tutor\u00edas Las tutor\u00edas en la Estrategia H\u00edbrida Educativa son espacios donde los estudiantes se re\u00fanen con los profesores y dem\u00e1s compa\u00f1eros para aclarar dudas o debatir sobre nuevos conocimientos. Las tutor\u00edas pueden ser presenciales cuando los estudiantes acuden al colegio, o virtuales cuando se encuentran fuera de la ciudad o el pa\u00eds por temporadas largas. [&hellip;]<\/p>\n","protected":false},"author":1,"featured_media":0,"parent":0,"menu_order":0,"comment_status":"closed","ping_status":"closed","template":"wp-custom-template-empty","meta":{"footnotes":""},"class_list":["post-330","page","type-page","status-publish","hentry"],"_links":{"self":[{"href":"https:\/\/hybred.edu.co\/site\/index.php\/wp-json\/wp\/v2\/pages\/330","targetHints":{"allow":["GET"]}}],"collection":[{"href":"https:\/\/hybred.edu.co\/site\/index.php\/wp-json\/wp\/v2\/pages"}],"about":[{"href":"https:\/\/hybred.edu.co\/site\/index.php\/wp-json\/wp\/v2\/types\/page"}],"author":[{"embeddable":true,"href":"https:\/\/hybred.edu.co\/site\/index.php\/wp-json\/wp\/v2\/users\/1"}],"replies":[{"embeddable":true,"href":"https:\/\/hybred.edu.co\/site\/index.php\/wp-json\/wp\/v2\/comments?post=330"}],"version-history":[{"count":15,"href":"https:\/\/hybred.edu.co\/site\/index.php\/wp-json\/wp\/v2\/pages\/330\/revisions"}],"predecessor-version":[{"id":594,"href":"https:\/\/hybred.edu.co\/site\/index.php\/wp-json\/wp\/v2\/pages\/330\/revisions\/594"}],"wp:attachment":[{"href":"https:\/\/hybred.edu.co\/site\/index.php\/wp-json\/wp\/v2\/media?parent=330"}],"curies":[{"name":"wp","href":"https:\/\/api.w.org\/{rel}","templated":true}]}}