{"id":280,"date":"2025-10-16T01:23:21","date_gmt":"2025-10-16T01:23:21","guid":{"rendered":"https:\/\/hybred.edu.co\/site\/?page_id=280"},"modified":"2025-10-17T16:49:34","modified_gmt":"2025-10-17T16:49:34","slug":"calidad","status":"publish","type":"page","link":"https:\/\/hybred.edu.co\/site\/index.php\/calidad\/","title":{"rendered":"Calidad"},"content":{"rendered":"\n<div class=\"wp-block-cover\" style=\"min-height:810px;aspect-ratio:unset;\"><img loading=\"lazy\" decoding=\"async\" width=\"1024\" height=\"433\" class=\"wp-block-cover__image-background wp-image-282\" alt=\"\" src=\"https:\/\/hybred.edu.co\/site\/wp-content\/uploads\/2025\/10\/Calidad-certificada-1024x433.png\" style=\"object-position:9% 68%\" data-object-fit=\"cover\" data-object-position=\"9% 68%\" srcset=\"https:\/\/hybred.edu.co\/site\/wp-content\/uploads\/2025\/10\/Calidad-certificada-1024x433.png 1024w, https:\/\/hybred.edu.co\/site\/wp-content\/uploads\/2025\/10\/Calidad-certificada-300x127.png 300w, https:\/\/hybred.edu.co\/site\/wp-content\/uploads\/2025\/10\/Calidad-certificada-768x325.png 768w, https:\/\/hybred.edu.co\/site\/wp-content\/uploads\/2025\/10\/Calidad-certificada-1536x649.png 1536w, https:\/\/hybred.edu.co\/site\/wp-content\/uploads\/2025\/10\/Calidad-certificada.png 1921w\" sizes=\"auto, (max-width: 1024px) 100vw, 1024px\" \/><span aria-hidden=\"true\" class=\"wp-block-cover__background has-background-dim-0 has-background-dim\"><\/span><div class=\"wp-block-cover__inner-container is-layout-flow wp-block-cover-is-layout-flow\">\n<p class=\"has-text-align-center has-large-font-size\"><\/p>\n<\/div><\/div>\n\n\n\n<div class=\"wp-block-group is-layout-flow wp-block-group-is-layout-flow\" style=\"padding-top:var(--wp--preset--spacing--30);padding-right:var(--wp--preset--spacing--60);padding-bottom:var(--wp--preset--spacing--30);padding-left:var(--wp--preset--spacing--60)\">\n<div class=\"wp-block-group is-layout-flow wp-block-group-is-layout-flow\">\n<h2 class=\"wp-block-heading has-text-align-center\">Acreditaci\u00f3n y <strong>Est\u00e1ndares Globales<\/strong><\/h2>\n\n\n\n<div class=\"wp-block-group is-layout-flow wp-block-group-is-layout-flow\">\n<div class=\"wp-block-group is-layout-flow wp-block-group-is-layout-flow\">\n<p>Hybr-Ed hace parte integral de la <strong>oferta acad\u00e9mica del Liceo Pino Verde de Pereira<\/strong>, una instituci\u00f3n que, a lo largo de m\u00e1s de dos d\u00e9cadas, ha sido referente en innovaci\u00f3n, calidad y formaci\u00f3n humana.<\/p>\n\n\n\n<p>Bajo la <strong>Resoluci\u00f3n No. 002378 de 2025<\/strong> de la Secretar\u00eda de Educaci\u00f3n de Pereira, este programa consolida el compromiso del colegio con una educaci\u00f3n que se adapta a las realidades del mundo actual, garantizando oportunidades de aprendizaje flexibles, equitativas y de alta calidad.<\/p>\n\n\n\n<p><strong>Hybr-Ed<\/strong> representa un paso firme hacia el futuro: una propuesta educativa que une pedagog\u00eda, tecnolog\u00eda y acompa\u00f1amiento humano para ofrecer trayectorias personalizadas que respetan los ritmos, talentos y sue\u00f1os de cada estudiante.<\/p>\n<\/div>\n\n\n\n<figure class=\"wp-block-image aligncenter size-full is-resized\"><img loading=\"lazy\" decoding=\"async\" width=\"1346\" height=\"210\" src=\"https:\/\/hybred.edu.co\/site\/wp-content\/uploads\/2025\/10\/Logos-CALIDAD.png\" alt=\"\" class=\"wp-image-441\" style=\"width:654px;height:auto\" srcset=\"https:\/\/hybred.edu.co\/site\/wp-content\/uploads\/2025\/10\/Logos-CALIDAD.png 1346w, https:\/\/hybred.edu.co\/site\/wp-content\/uploads\/2025\/10\/Logos-CALIDAD-300x47.png 300w, https:\/\/hybred.edu.co\/site\/wp-content\/uploads\/2025\/10\/Logos-CALIDAD-1024x160.png 1024w, https:\/\/hybred.edu.co\/site\/wp-content\/uploads\/2025\/10\/Logos-CALIDAD-768x120.png 768w\" sizes=\"auto, (max-width: 1346px) 100vw, 1346px\" \/><\/figure>\n\n\n\n<hr class=\"wp-block-separator has-alpha-channel-opacity\"\/>\n<\/div>\n<\/div>\n\n\n\n<h2 class=\"wp-block-heading has-text-align-center\">Liderazgo \u00c9tico de la <strong>Inteligencia Artificial<\/strong><\/h2>\n\n\n\n<figure class=\"wp-block-image aligncenter size-large is-resized\"><img loading=\"lazy\" decoding=\"async\" width=\"1024\" height=\"462\" src=\"https:\/\/hybred.edu.co\/site\/wp-content\/uploads\/2025\/10\/Inteligencia-Artifical-2--1024x462.png\" alt=\"\" class=\"wp-image-479\" style=\"width:688px;height:auto\" srcset=\"https:\/\/hybred.edu.co\/site\/wp-content\/uploads\/2025\/10\/Inteligencia-Artifical-2--1024x462.png 1024w, https:\/\/hybred.edu.co\/site\/wp-content\/uploads\/2025\/10\/Inteligencia-Artifical-2--300x135.png 300w, https:\/\/hybred.edu.co\/site\/wp-content\/uploads\/2025\/10\/Inteligencia-Artifical-2--768x346.png 768w, https:\/\/hybred.edu.co\/site\/wp-content\/uploads\/2025\/10\/Inteligencia-Artifical-2--1536x693.png 1536w, https:\/\/hybred.edu.co\/site\/wp-content\/uploads\/2025\/10\/Inteligencia-Artifical-2-.png 1599w\" sizes=\"auto, (max-width: 1024px) 100vw, 1024px\" \/><\/figure>\n\n\n\n<hr class=\"wp-block-separator has-alpha-channel-opacity\"\/>\n\n\n\n<h2 class=\"wp-block-heading has-text-align-center\">Integridad Acad\u00e9mica y <strong>Seguridad Digital<\/strong><\/h2>\n\n\n\n<figure class=\"wp-block-image aligncenter size-large is-resized\"><img loading=\"lazy\" decoding=\"async\" width=\"1024\" height=\"740\" src=\"https:\/\/hybred.edu.co\/site\/wp-content\/uploads\/2025\/10\/Recurso-14-1024x740.png\" alt=\"\" class=\"wp-image-290\" style=\"width:668px;height:auto\" srcset=\"https:\/\/hybred.edu.co\/site\/wp-content\/uploads\/2025\/10\/Recurso-14-1024x740.png 1024w, https:\/\/hybred.edu.co\/site\/wp-content\/uploads\/2025\/10\/Recurso-14-300x217.png 300w, https:\/\/hybred.edu.co\/site\/wp-content\/uploads\/2025\/10\/Recurso-14-768x555.png 768w, https:\/\/hybred.edu.co\/site\/wp-content\/uploads\/2025\/10\/Recurso-14-1536x1110.png 1536w, https:\/\/hybred.edu.co\/site\/wp-content\/uploads\/2025\/10\/Recurso-14.png 1596w\" sizes=\"auto, (max-width: 1024px) 100vw, 1024px\" \/><\/figure>\n\n\n\n<hr class=\"wp-block-separator has-alpha-channel-opacity\"\/>\n<\/div>\n","protected":false},"excerpt":{"rendered":"<p>Acreditaci\u00f3n y Est\u00e1ndares Globales Hybr-Ed hace parte integral de la oferta acad\u00e9mica del Liceo Pino Verde de Pereira, una instituci\u00f3n que, a lo largo de m\u00e1s de dos d\u00e9cadas, ha sido referente en innovaci\u00f3n, calidad y formaci\u00f3n humana. Bajo la Resoluci\u00f3n No. 002378 de 2025 de la Secretar\u00eda de Educaci\u00f3n de Pereira, este programa consolida [&hellip;]<\/p>\n","protected":false},"author":2,"featured_media":0,"parent":0,"menu_order":0,"comment_status":"closed","ping_status":"closed","template":"wp-custom-template-empty","meta":{"footnotes":""},"class_list":["post-280","page","type-page","status-publish","hentry"],"_links":{"self":[{"href":"https:\/\/hybred.edu.co\/site\/index.php\/wp-json\/wp\/v2\/pages\/280","targetHints":{"allow":["GET"]}}],"collection":[{"href":"https:\/\/hybred.edu.co\/site\/index.php\/wp-json\/wp\/v2\/pages"}],"about":[{"href":"https:\/\/hybred.edu.co\/site\/index.php\/wp-json\/wp\/v2\/types\/page"}],"author":[{"embeddable":true,"href":"https:\/\/hybred.edu.co\/site\/index.php\/wp-json\/wp\/v2\/users\/2"}],"replies":[{"embeddable":true,"href":"https:\/\/hybred.edu.co\/site\/index.php\/wp-json\/wp\/v2\/comments?post=280"}],"version-history":[{"count":29,"href":"https:\/\/hybred.edu.co\/site\/index.php\/wp-json\/wp\/v2\/pages\/280\/revisions"}],"predecessor-version":[{"id":480,"href":"https:\/\/hybred.edu.co\/site\/index.php\/wp-json\/wp\/v2\/pages\/280\/revisions\/480"}],"wp:attachment":[{"href":"https:\/\/hybred.edu.co\/site\/index.php\/wp-json\/wp\/v2\/media?parent=280"}],"curies":[{"name":"wp","href":"https:\/\/api.w.org\/{rel}","templated":true}]}}