{"id":261,"date":"2025-10-15T13:12:07","date_gmt":"2025-10-15T13:12:07","guid":{"rendered":"https:\/\/hybred.edu.co\/site\/?page_id=261"},"modified":"2025-10-27T20:37:22","modified_gmt":"2025-10-27T20:37:22","slug":"261-2","status":"publish","type":"page","link":"https:\/\/hybred.edu.co\/site\/index.php\/261-2\/","title":{"rendered":"Propuesta acad\u00e9mica"},"content":{"rendered":"\n<div class=\"wp-block-cover\" style=\"min-height:810px;aspect-ratio:unset;\"><img loading=\"lazy\" decoding=\"async\" width=\"1024\" height=\"433\" class=\"wp-block-cover__image-background wp-image-262\" alt=\"\" src=\"https:\/\/hybred.edu.co\/site\/wp-content\/uploads\/2025\/10\/Propuesta-academica.-Un-curriculo-sin-fronteras-1024x433.png\" style=\"object-position:20% 66%\" data-object-fit=\"cover\" data-object-position=\"20% 66%\" srcset=\"https:\/\/hybred.edu.co\/site\/wp-content\/uploads\/2025\/10\/Propuesta-academica.-Un-curriculo-sin-fronteras-1024x433.png 1024w, https:\/\/hybred.edu.co\/site\/wp-content\/uploads\/2025\/10\/Propuesta-academica.-Un-curriculo-sin-fronteras-300x127.png 300w, https:\/\/hybred.edu.co\/site\/wp-content\/uploads\/2025\/10\/Propuesta-academica.-Un-curriculo-sin-fronteras-768x325.png 768w, https:\/\/hybred.edu.co\/site\/wp-content\/uploads\/2025\/10\/Propuesta-academica.-Un-curriculo-sin-fronteras-1536x649.png 1536w, https:\/\/hybred.edu.co\/site\/wp-content\/uploads\/2025\/10\/Propuesta-academica.-Un-curriculo-sin-fronteras.png 1921w\" sizes=\"auto, (max-width: 1024px) 100vw, 1024px\" \/><span aria-hidden=\"true\" class=\"wp-block-cover__background has-background-dim-0 has-background-dim\"><\/span><div class=\"wp-block-cover__inner-container is-layout-flow wp-block-cover-is-layout-flow\">\n<p class=\"has-text-align-center has-large-font-size\"><\/p>\n<\/div><\/div>\n\n\n\n<div class=\"wp-block-group has-global-padding is-layout-constrained wp-container-core-group-is-layout-e1b182fe wp-block-group-is-layout-constrained\">\n<p>El modelo Hybr-ED es un sistema riguroso, adaptativo y centrado en el estudiante. Nuestro enfoque busca que el aprendizaje se conecte con la vida, el prop\u00f3sito y los desaf\u00edos globales.<\/p>\n\n\n\n<h2 class=\"wp-block-heading has-text-align-center\"><strong>El Coraz\u00f3n de Hybr-ED:<\/strong><\/h2>\n\n\n\n<h2 class=\"wp-block-heading has-text-align-center\">Aprendizaje Basado en el <strong>Dominio (MBL)<\/strong><\/h2>\n\n\n\n<p>Nuestro programa para grados 6\u00b0 a 12\u00b0 se compromete con el Aprendizaje Basado en el Dominio (Mastery-Based Learning &#8211; MBL). Esto significa que el progreso no se mide principalmente por el tiempo (&#8220;seat time&#8221;) o la cobertura de contenido, sino por la demostraci\u00f3n de una comprensi\u00f3n profunda de conceptos y habilidades.<\/p>\n\n\n\n<figure class=\"wp-block-image aligncenter size-large\"><img loading=\"lazy\" decoding=\"async\" width=\"1024\" height=\"796\" src=\"https:\/\/hybred.edu.co\/site\/wp-content\/uploads\/2025\/10\/Modelo-Educativo-1024x796.png\" alt=\"\" class=\"wp-image-269\" srcset=\"https:\/\/hybred.edu.co\/site\/wp-content\/uploads\/2025\/10\/Modelo-Educativo-1024x796.png 1024w, https:\/\/hybred.edu.co\/site\/wp-content\/uploads\/2025\/10\/Modelo-Educativo-300x233.png 300w, https:\/\/hybred.edu.co\/site\/wp-content\/uploads\/2025\/10\/Modelo-Educativo-768x597.png 768w, https:\/\/hybred.edu.co\/site\/wp-content\/uploads\/2025\/10\/Modelo-Educativo-1536x1194.png 1536w, https:\/\/hybred.edu.co\/site\/wp-content\/uploads\/2025\/10\/Modelo-Educativo.png 1769w\" sizes=\"auto, (max-width: 1024px) 100vw, 1024px\" \/><\/figure>\n\n\n\n<hr class=\"wp-block-separator has-alpha-channel-opacity\"\/>\n<\/div>\n\n\n\n<div class=\"wp-block-group has-global-padding is-layout-constrained wp-container-core-group-is-layout-1629ea14 wp-block-group-is-layout-constrained\">\n<h2 class=\"wp-block-heading has-text-align-center\">Curr\u00edculo <strong>Interdisciplinario y Riguroso<\/strong><\/h2>\n\n\n\n<p>Nuestro programa para grados 6\u00b0 a 12\u00b0 se compromete con el Aprendizaje Basado en el Dominio (Mastery-Based Learning &#8211; MBL). Esto significa que el progreso no se mide principalmente por el tiempo (&#8220;seat time&#8221;) o la cobertura de contenido, sino por la demostraci\u00f3n de una comprensi\u00f3n profunda de conceptos y habilidades.<\/p>\n\n\n\n<figure class=\"wp-block-image aligncenter size-large is-resized\"><img loading=\"lazy\" decoding=\"async\" width=\"1024\" height=\"386\" src=\"https:\/\/hybred.edu.co\/site\/wp-content\/uploads\/2025\/10\/Curriculo2-1024x386.png\" alt=\"\" class=\"wp-image-401\" style=\"width:923px;height:auto\" srcset=\"https:\/\/hybred.edu.co\/site\/wp-content\/uploads\/2025\/10\/Curriculo2-1024x386.png 1024w, https:\/\/hybred.edu.co\/site\/wp-content\/uploads\/2025\/10\/Curriculo2-300x113.png 300w, https:\/\/hybred.edu.co\/site\/wp-content\/uploads\/2025\/10\/Curriculo2-768x290.png 768w, https:\/\/hybred.edu.co\/site\/wp-content\/uploads\/2025\/10\/Curriculo2-1536x579.png 1536w, https:\/\/hybred.edu.co\/site\/wp-content\/uploads\/2025\/10\/Curriculo2.png 1808w\" sizes=\"auto, (max-width: 1024px) 100vw, 1024px\" \/><\/figure>\n\n\n\n<p><\/p>\n\n\n\n<div class=\"wp-block-columns is-layout-flex wp-container-core-columns-is-layout-28f84493 wp-block-columns-is-layout-flex\">\n<div class=\"wp-block-column is-layout-flow wp-block-column-is-layout-flow\">\n<p>El programa se estructura en Unidades Interdisciplinarias dise\u00f1adas para ir m\u00e1s all\u00e1 de los silos de asignaturas tradicionales. Esto permite a los estudiantes explorar problemas aut\u00e9nticos y temas que requieren m\u00faltiples lentes de an\u00e1lisis.<\/p>\n<\/div>\n\n\n\n<div class=\"wp-block-column is-layout-flow wp-block-column-is-layout-flow\">\n<p>Nuestro curr\u00edculo est\u00e1 alineado con los Derechos B\u00e1sicos de Aprendizaje (DBA) del MEN, as\u00ed como con est\u00e1ndares internacionales como Cognia, Common Core, y WIDA, garantizando la validez nacional y la competitividad internacional.<\/p>\n<\/div>\n<\/div>\n\n\n\n<hr class=\"wp-block-separator has-alpha-channel-opacity\"\/>\n\n\n\n<h2 class=\"wp-block-heading has-text-align-center\">Equivalencia Global<\/h2>\n\n\n\n<h2 class=\"wp-block-heading has-text-align-center\"><strong>Un Curr\u00edculo alineado al mundo<\/strong><\/h2>\n<\/div>\n\n\n\n<div class=\"wp-block-group has-global-padding is-layout-constrained wp-container-core-group-is-layout-1629ea14 wp-block-group-is-layout-constrained\">\n<figure class=\"wp-block-image aligncenter size-large is-resized\"><img loading=\"lazy\" decoding=\"async\" width=\"1024\" height=\"481\" src=\"https:\/\/hybred.edu.co\/site\/wp-content\/uploads\/2025\/10\/Bachillerato-sin-limites-1024x481.png\" alt=\"\" class=\"wp-image-271\" style=\"width:908px;height:auto\" srcset=\"https:\/\/hybred.edu.co\/site\/wp-content\/uploads\/2025\/10\/Bachillerato-sin-limites-1024x481.png 1024w, https:\/\/hybred.edu.co\/site\/wp-content\/uploads\/2025\/10\/Bachillerato-sin-limites-300x141.png 300w, https:\/\/hybred.edu.co\/site\/wp-content\/uploads\/2025\/10\/Bachillerato-sin-limites-768x361.png 768w, https:\/\/hybred.edu.co\/site\/wp-content\/uploads\/2025\/10\/Bachillerato-sin-limites-1536x722.png 1536w, https:\/\/hybred.edu.co\/site\/wp-content\/uploads\/2025\/10\/Bachillerato-sin-limites.png 1970w\" sizes=\"auto, (max-width: 1024px) 100vw, 1024px\" \/><\/figure>\n\n\n\n<p>La nomenclatura del Liceo Pino Verde est\u00e1 dise\u00f1ada para alinear los programas acad\u00e9micos con los est\u00e1ndares del Bachillerato Internacional (IB), al tiempo que se cumplen con los requisitos establecidos por el Ministerio de Educaci\u00f3n Nacional (MEN). Esta integraci\u00f3n asegura que los estudiantes reciban una educaci\u00f3n de calidad que cumpla con los est\u00e1ndares globales y nacionales. A continuaci\u00f3n, presentamos la equivalencia de grados entre el Ministerio de Educaci\u00f3n Nacional (MEN), el Liceo Pino Verde y el Bachillerato Internacional (IB):<\/p>\n\n\n\n<figure class=\"wp-block-image aligncenter size-large is-resized\"><img loading=\"lazy\" decoding=\"async\" width=\"1024\" height=\"329\" src=\"https:\/\/hybred.edu.co\/site\/wp-content\/uploads\/2025\/10\/Equivalencia-Global-1024x329.png\" alt=\"\" class=\"wp-image-439\" style=\"width:965px;height:auto\" srcset=\"https:\/\/hybred.edu.co\/site\/wp-content\/uploads\/2025\/10\/Equivalencia-Global-1024x329.png 1024w, https:\/\/hybred.edu.co\/site\/wp-content\/uploads\/2025\/10\/Equivalencia-Global-300x96.png 300w, https:\/\/hybred.edu.co\/site\/wp-content\/uploads\/2025\/10\/Equivalencia-Global-768x247.png 768w, https:\/\/hybred.edu.co\/site\/wp-content\/uploads\/2025\/10\/Equivalencia-Global-1536x494.png 1536w, https:\/\/hybred.edu.co\/site\/wp-content\/uploads\/2025\/10\/Equivalencia-Global.png 1766w\" sizes=\"auto, (max-width: 1024px) 100vw, 1024px\" \/><\/figure>\n<\/div>\n\n\n\n<div class=\"wp-block-group has-global-padding is-layout-constrained wp-container-core-group-is-layout-1629ea14 wp-block-group-is-layout-constrained\">\n<hr class=\"wp-block-separator has-alpha-channel-opacity\"\/>\n\n\n\n<figure class=\"wp-block-video\"><video height=\"480\" style=\"aspect-ratio: 854 \/ 480;\" width=\"854\" controls poster=\"https:\/\/hybred.edu.co\/site\/wp-content\/uploads\/2025\/10\/image_video_kala.jpg\" src=\"https:\/\/hybred.edu.co\/site\/wp-content\/uploads\/2025\/10\/web-Video-Kala-Olmos-Hybr-Ed.mp4\"><\/video><\/figure>\n<\/div>\n","protected":false},"excerpt":{"rendered":"<p>El modelo Hybr-ED es un sistema riguroso, adaptativo y centrado en el estudiante. Nuestro enfoque busca que el aprendizaje se conecte con la vida, el prop\u00f3sito y los desaf\u00edos globales. El Coraz\u00f3n de Hybr-ED: Aprendizaje Basado en el Dominio (MBL) Nuestro programa para grados 6\u00b0 a 12\u00b0 se compromete con el Aprendizaje Basado en el [&hellip;]<\/p>\n","protected":false},"author":2,"featured_media":0,"parent":0,"menu_order":0,"comment_status":"closed","ping_status":"closed","template":"wp-custom-template-empty","meta":{"footnotes":""},"class_list":["post-261","page","type-page","status-publish","hentry"],"_links":{"self":[{"href":"https:\/\/hybred.edu.co\/site\/index.php\/wp-json\/wp\/v2\/pages\/261","targetHints":{"allow":["GET"]}}],"collection":[{"href":"https:\/\/hybred.edu.co\/site\/index.php\/wp-json\/wp\/v2\/pages"}],"about":[{"href":"https:\/\/hybred.edu.co\/site\/index.php\/wp-json\/wp\/v2\/types\/page"}],"author":[{"embeddable":true,"href":"https:\/\/hybred.edu.co\/site\/index.php\/wp-json\/wp\/v2\/users\/2"}],"replies":[{"embeddable":true,"href":"https:\/\/hybred.edu.co\/site\/index.php\/wp-json\/wp\/v2\/comments?post=261"}],"version-history":[{"count":34,"href":"https:\/\/hybred.edu.co\/site\/index.php\/wp-json\/wp\/v2\/pages\/261\/revisions"}],"predecessor-version":[{"id":549,"href":"https:\/\/hybred.edu.co\/site\/index.php\/wp-json\/wp\/v2\/pages\/261\/revisions\/549"}],"wp:attachment":[{"href":"https:\/\/hybred.edu.co\/site\/index.php\/wp-json\/wp\/v2\/media?parent=261"}],"curies":[{"name":"wp","href":"https:\/\/api.w.org\/{rel}","templated":true}]}}